{"id":3265,"date":"2023-05-11T14:27:54","date_gmt":"2023-05-11T14:27:54","guid":{"rendered":"https:\/\/kaasboerderijweenink.nl\/?page_id=3265"},"modified":"2023-06-02T13:38:00","modified_gmt":"2023-06-02T13:38:00","slug":"die-kaeserei","status":"publish","type":"page","link":"https:\/\/kaasboerderijweenink.nl\/de\/die-kaeserei\/","title":{"rendered":"Die K\u00e4serei"},"content":{"rendered":"<h6>Das m\u00fcssen Sie unbedingt probieren!<\/h6>\n<h1>Der <strong>leckerste K\u00e4se<\/strong> wird hergestellt bei \u201eVan Weenink\u201c<\/h1>\n<p>&nbsp;<\/p>\n<p>Wir sind 1980 mit der K\u00e4seherstellung begonnen. Mit nun mehr als 40 Jahren Know-how und Erfahrung k\u00f6nnen wir genau beurteilen, wie man den schmackhaftesten K\u00e4se herstellt. Ausgangspunkt ist nat\u00fcrlich die allerbeste Milch. Weil wir unsere K\u00fche gut versorgen, mit viel Weidegang und nur bestem Futter verw\u00f6hnen, schaffen wir die Grundlage f\u00fcr einen k\u00f6stlich rahmigen K\u00e4se.<\/p>\n<p>In unserer modernen K\u00e4serei verarbeiten wir die frische Milch schnellstm\u00f6glich zu K\u00e4se oder Milchprodukten. Wir verbinden das Handwerk von damals mit dem Wissen von heute. Die Hygieneanforderungen haben sich im Laufe der Jahre immer wieder ge\u00e4ndert, weshalb es nicht mehr m\u00f6glich ist, unsere K\u00e4serei von innen zu besichtigen. Aber, zum Gl\u00fcck, hat das Geb\u00e4ude gro\u00dfe Fenster, so dass man von au\u00dfen einen guten Blick auf das Geschehen im Inneren werfen kann.<\/p>\n<p>Ist der K\u00e4se einmal fertig, f\u00e4ngt erst die eigentliche Arbeit an. In den folgenden sechs Wochen m\u00fcssen wir die K\u00e4selaibe dreimal pro Woche mit einer Kunststoffschicht einschmieren. Auch danach m\u00fcssen wir uns weiterhin um sie k\u00fcmmern. Mehr als 2.000 K\u00e4selaibe, die alle w\u00f6chentlich bearbeitet und gewendet werden m\u00fcssen: eine beachtliche Herausforderung!<\/p>\n<p>&nbsp;<\/p>\n","protected":false},"excerpt":{"rendered":"<p>Das m\u00fcssen Sie unbedingt probieren! Der leckerste K\u00e4se wird hergestellt bei \u201eVan [&hellip;]<\/p>\n","protected":false},"author":1,"featured_media":559,"parent":0,"menu_order":0,"comment_status":"closed","ping_status":"closed","template":"kaasmakerij.php","meta":{"_acf_changed":false,"inline_featured_image":false,"footnotes":""},"class_list":["post-3265","page","type-page","status-publish","has-post-thumbnail","hentry"],"acf":[],"yoast_head":"<!-- This site is optimized with the Yoast SEO plugin v27.1.1 - https:\/\/yoast.com\/product\/yoast-seo-wordpress\/ -->\n<title>Die K\u00e4serei - Kaasboerderij Weenink<\/title>\n<meta name=\"robots\" content=\"index, follow, max-snippet:-1, max-image-preview:large, max-video-preview:-1\" \/>\n<link rel=\"canonical\" href=\"https:\/\/kaasboerderijweenink.nl\/de\/die-kaeserei\/\" \/>\n<meta property=\"og:locale\" content=\"de_DE\" \/>\n<meta property=\"og:type\" content=\"article\" \/>\n<meta property=\"og:title\" content=\"Die K\u00e4serei - Kaasboerderij Weenink\" \/>\n<meta property=\"og:description\" content=\"Das m\u00fcssen Sie unbedingt probieren! Der leckerste K\u00e4se wird hergestellt bei \u201eVan [&hellip;]\" \/>\n<meta property=\"og:url\" content=\"https:\/\/kaasboerderijweenink.nl\/de\/die-kaeserei\/\" \/>\n<meta property=\"og:site_name\" content=\"Kaasboerderij Weenink\" \/>\n<meta property=\"article:publisher\" content=\"https:\/\/www.facebook.com\/KaasboerderijWeenink\" \/>\n<meta property=\"article:modified_time\" content=\"2023-06-02T13:38:00+00:00\" \/>\n<meta property=\"og:image\" content=\"https:\/\/kaasboerderijweenink.nl\/wp-content\/uploads\/2023\/05\/kaasboerderij_weenink_lievelde_kaasmakerij_2.jpg\" \/>\n\t<meta property=\"og:image:width\" content=\"1300\" \/>\n\t<meta property=\"og:image:height\" content=\"867\" \/>\n\t<meta property=\"og:image:type\" content=\"image\/jpeg\" \/>\n<meta name=\"twitter:card\" content=\"summary_large_image\" \/>\n<meta name=\"twitter:label1\" content=\"Gesch\u00e4tzte Lesezeit\" \/>\n\t<meta name=\"twitter:data1\" content=\"1\u00a0Minute\" \/>\n<script type=\"application\/ld+json\" class=\"yoast-schema-graph\">{\"@context\":\"https:\/\/schema.org\",\"@graph\":[{\"@type\":\"WebPage\",\"@id\":\"https:\/\/kaasboerderijweenink.nl\/de\/die-kaeserei\/\",\"url\":\"https:\/\/kaasboerderijweenink.nl\/de\/die-kaeserei\/\",\"name\":\"Die K\u00e4serei - Kaasboerderij Weenink\",\"isPartOf\":{\"@id\":\"https:\/\/kaasboerderijweenink.nl\/de\/#website\"},\"primaryImageOfPage\":{\"@id\":\"https:\/\/kaasboerderijweenink.nl\/de\/die-kaeserei\/#primaryimage\"},\"image\":{\"@id\":\"https:\/\/kaasboerderijweenink.nl\/de\/die-kaeserei\/#primaryimage\"},\"thumbnailUrl\":\"https:\/\/kaasboerderijweenink.nl\/wp-content\/uploads\/2023\/05\/kaasboerderij_weenink_lievelde_kaasmakerij_2.jpg\",\"datePublished\":\"2023-05-11T14:27:54+00:00\",\"dateModified\":\"2023-06-02T13:38:00+00:00\",\"breadcrumb\":{\"@id\":\"https:\/\/kaasboerderijweenink.nl\/de\/die-kaeserei\/#breadcrumb\"},\"inLanguage\":\"de\",\"potentialAction\":[{\"@type\":\"ReadAction\",\"target\":[\"https:\/\/kaasboerderijweenink.nl\/de\/die-kaeserei\/\"]}]},{\"@type\":\"ImageObject\",\"inLanguage\":\"de\",\"@id\":\"https:\/\/kaasboerderijweenink.nl\/de\/die-kaeserei\/#primaryimage\",\"url\":\"https:\/\/kaasboerderijweenink.nl\/wp-content\/uploads\/2023\/05\/kaasboerderij_weenink_lievelde_kaasmakerij_2.jpg\",\"contentUrl\":\"https:\/\/kaasboerderijweenink.nl\/wp-content\/uploads\/2023\/05\/kaasboerderij_weenink_lievelde_kaasmakerij_2.jpg\",\"width\":1300,\"height\":867},{\"@type\":\"BreadcrumbList\",\"@id\":\"https:\/\/kaasboerderijweenink.nl\/de\/die-kaeserei\/#breadcrumb\",\"itemListElement\":[{\"@type\":\"ListItem\",\"position\":1,\"name\":\"Home\",\"item\":\"https:\/\/kaasboerderijweenink.nl\/de\/\"},{\"@type\":\"ListItem\",\"position\":2,\"name\":\"Die K\u00e4serei\"}]},{\"@type\":\"WebSite\",\"@id\":\"https:\/\/kaasboerderijweenink.nl\/de\/#website\",\"url\":\"https:\/\/kaasboerderijweenink.nl\/de\/\",\"name\":\"Kaasboerderij Weenink\",\"description\":\"Een beleving waar je voor terugkomt!\",\"publisher\":{\"@id\":\"https:\/\/kaasboerderijweenink.nl\/de\/#organization\"},\"potentialAction\":[{\"@type\":\"SearchAction\",\"target\":{\"@type\":\"EntryPoint\",\"urlTemplate\":\"https:\/\/kaasboerderijweenink.nl\/de\/?s={search_term_string}\"},\"query-input\":{\"@type\":\"PropertyValueSpecification\",\"valueRequired\":true,\"valueName\":\"search_term_string\"}}],\"inLanguage\":\"de\"},{\"@type\":\"Organization\",\"@id\":\"https:\/\/kaasboerderijweenink.nl\/de\/#organization\",\"name\":\"Kaasboerderij Weenink Lievelde\",\"url\":\"https:\/\/kaasboerderijweenink.nl\/de\/\",\"logo\":{\"@type\":\"ImageObject\",\"inLanguage\":\"de\",\"@id\":\"https:\/\/kaasboerderijweenink.nl\/de\/#\/schema\/logo\/image\/\",\"url\":\"https:\/\/kaasboerderijweenink.nl\/wp-content\/uploads\/2023\/05\/logo-weenink.png\",\"contentUrl\":\"https:\/\/kaasboerderijweenink.nl\/wp-content\/uploads\/2023\/05\/logo-weenink.png\",\"width\":1500,\"height\":500,\"caption\":\"Kaasboerderij Weenink Lievelde\"},\"image\":{\"@id\":\"https:\/\/kaasboerderijweenink.nl\/de\/#\/schema\/logo\/image\/\"},\"sameAs\":[\"https:\/\/www.facebook.com\/KaasboerderijWeenink\"]}]}<\/script>\n<!-- \/ Yoast SEO plugin. -->","yoast_head_json":{"title":"Die K\u00e4serei - Kaasboerderij Weenink","robots":{"index":"index","follow":"follow","max-snippet":"max-snippet:-1","max-image-preview":"max-image-preview:large","max-video-preview":"max-video-preview:-1"},"canonical":"https:\/\/kaasboerderijweenink.nl\/de\/die-kaeserei\/","og_locale":"de_DE","og_type":"article","og_title":"Die K\u00e4serei - Kaasboerderij Weenink","og_description":"Das m\u00fcssen Sie unbedingt probieren! Der leckerste K\u00e4se wird hergestellt bei \u201eVan [&hellip;]","og_url":"https:\/\/kaasboerderijweenink.nl\/de\/die-kaeserei\/","og_site_name":"Kaasboerderij Weenink","article_publisher":"https:\/\/www.facebook.com\/KaasboerderijWeenink","article_modified_time":"2023-06-02T13:38:00+00:00","og_image":[{"width":1300,"height":867,"url":"https:\/\/kaasboerderijweenink.nl\/wp-content\/uploads\/2023\/05\/kaasboerderij_weenink_lievelde_kaasmakerij_2.jpg","type":"image\/jpeg"}],"twitter_card":"summary_large_image","twitter_misc":{"Gesch\u00e4tzte Lesezeit":"1\u00a0Minute"},"schema":{"@context":"https:\/\/schema.org","@graph":[{"@type":"WebPage","@id":"https:\/\/kaasboerderijweenink.nl\/de\/die-kaeserei\/","url":"https:\/\/kaasboerderijweenink.nl\/de\/die-kaeserei\/","name":"Die K\u00e4serei - Kaasboerderij Weenink","isPartOf":{"@id":"https:\/\/kaasboerderijweenink.nl\/de\/#website"},"primaryImageOfPage":{"@id":"https:\/\/kaasboerderijweenink.nl\/de\/die-kaeserei\/#primaryimage"},"image":{"@id":"https:\/\/kaasboerderijweenink.nl\/de\/die-kaeserei\/#primaryimage"},"thumbnailUrl":"https:\/\/kaasboerderijweenink.nl\/wp-content\/uploads\/2023\/05\/kaasboerderij_weenink_lievelde_kaasmakerij_2.jpg","datePublished":"2023-05-11T14:27:54+00:00","dateModified":"2023-06-02T13:38:00+00:00","breadcrumb":{"@id":"https:\/\/kaasboerderijweenink.nl\/de\/die-kaeserei\/#breadcrumb"},"inLanguage":"de","potentialAction":[{"@type":"ReadAction","target":["https:\/\/kaasboerderijweenink.nl\/de\/die-kaeserei\/"]}]},{"@type":"ImageObject","inLanguage":"de","@id":"https:\/\/kaasboerderijweenink.nl\/de\/die-kaeserei\/#primaryimage","url":"https:\/\/kaasboerderijweenink.nl\/wp-content\/uploads\/2023\/05\/kaasboerderij_weenink_lievelde_kaasmakerij_2.jpg","contentUrl":"https:\/\/kaasboerderijweenink.nl\/wp-content\/uploads\/2023\/05\/kaasboerderij_weenink_lievelde_kaasmakerij_2.jpg","width":1300,"height":867},{"@type":"BreadcrumbList","@id":"https:\/\/kaasboerderijweenink.nl\/de\/die-kaeserei\/#breadcrumb","itemListElement":[{"@type":"ListItem","position":1,"name":"Home","item":"https:\/\/kaasboerderijweenink.nl\/de\/"},{"@type":"ListItem","position":2,"name":"Die K\u00e4serei"}]},{"@type":"WebSite","@id":"https:\/\/kaasboerderijweenink.nl\/de\/#website","url":"https:\/\/kaasboerderijweenink.nl\/de\/","name":"Kaasboerderij Weenink","description":"Een beleving waar je voor terugkomt!","publisher":{"@id":"https:\/\/kaasboerderijweenink.nl\/de\/#organization"},"potentialAction":[{"@type":"SearchAction","target":{"@type":"EntryPoint","urlTemplate":"https:\/\/kaasboerderijweenink.nl\/de\/?s={search_term_string}"},"query-input":{"@type":"PropertyValueSpecification","valueRequired":true,"valueName":"search_term_string"}}],"inLanguage":"de"},{"@type":"Organization","@id":"https:\/\/kaasboerderijweenink.nl\/de\/#organization","name":"Kaasboerderij Weenink Lievelde","url":"https:\/\/kaasboerderijweenink.nl\/de\/","logo":{"@type":"ImageObject","inLanguage":"de","@id":"https:\/\/kaasboerderijweenink.nl\/de\/#\/schema\/logo\/image\/","url":"https:\/\/kaasboerderijweenink.nl\/wp-content\/uploads\/2023\/05\/logo-weenink.png","contentUrl":"https:\/\/kaasboerderijweenink.nl\/wp-content\/uploads\/2023\/05\/logo-weenink.png","width":1500,"height":500,"caption":"Kaasboerderij Weenink Lievelde"},"image":{"@id":"https:\/\/kaasboerderijweenink.nl\/de\/#\/schema\/logo\/image\/"},"sameAs":["https:\/\/www.facebook.com\/KaasboerderijWeenink"]}]}},"publishpress_future_action":{"enabled":false,"date":"2026-04-23 10:47:12","action":"change-status","newStatus":"draft","terms":[],"taxonomy":"translation_priority","extraData":[]},"publishpress_future_workflow_manual_trigger":{"enabledWorkflows":[]},"_links":{"self":[{"href":"https:\/\/kaasboerderijweenink.nl\/de\/wp-json\/wp\/v2\/pages\/3265","targetHints":{"allow":["GET"]}}],"collection":[{"href":"https:\/\/kaasboerderijweenink.nl\/de\/wp-json\/wp\/v2\/pages"}],"about":[{"href":"https:\/\/kaasboerderijweenink.nl\/de\/wp-json\/wp\/v2\/types\/page"}],"author":[{"embeddable":true,"href":"https:\/\/kaasboerderijweenink.nl\/de\/wp-json\/wp\/v2\/users\/1"}],"replies":[{"embeddable":true,"href":"https:\/\/kaasboerderijweenink.nl\/de\/wp-json\/wp\/v2\/comments?post=3265"}],"version-history":[{"count":5,"href":"https:\/\/kaasboerderijweenink.nl\/de\/wp-json\/wp\/v2\/pages\/3265\/revisions"}],"predecessor-version":[{"id":3329,"href":"https:\/\/kaasboerderijweenink.nl\/de\/wp-json\/wp\/v2\/pages\/3265\/revisions\/3329"}],"wp:featuredmedia":[{"embeddable":true,"href":"https:\/\/kaasboerderijweenink.nl\/de\/wp-json\/wp\/v2\/media\/559"}],"wp:attachment":[{"href":"https:\/\/kaasboerderijweenink.nl\/de\/wp-json\/wp\/v2\/media?parent=3265"}],"curies":[{"name":"wp","href":"https:\/\/api.w.org\/{rel}","templated":true}]}}