{"id":3304,"date":"2023-05-11T16:55:52","date_gmt":"2023-05-11T16:55:52","guid":{"rendered":"https:\/\/kaasboerderijweenink.nl\/?page_id=3304"},"modified":"2023-06-02T13:38:14","modified_gmt":"2023-06-02T13:38:14","slug":"hofladen","status":"publish","type":"page","link":"https:\/\/kaasboerderijweenink.nl\/de\/hofladen\/","title":{"rendered":"Hofladen"},"content":{"rendered":"<h6>Vom frischen K\u00e4se bis zum k\u00f6stlichen Lik\u00f6r<\/h6>\n<h1>Willkommen in unserem appetitanregenden <strong>Hofladen<\/strong><\/h1>\n<p>&nbsp;<\/p>\n<p>Nichts schmeckt besser als ein frisches St\u00fcck K\u00e4se, ehrliche Milchprodukte oder ein anderes regionales Produkt aus der Achterhoek! In unserem Hofladen verkaufen wir nat\u00fcrlich in erster Linie die Produkte, die wir selbst herstellen:<\/p>\n<ul>\n<li>K\u00e4se Van Weenink: K\u00f6stlichen Gouda-K\u00e4se mit oder ohne Kr\u00e4uter, mit verschiedenem Alter.<\/li>\n<li>Milchprodukte Van Weenink: verschiedene hausgemachte Milchprodukte wie Buttermilch, Joghurt, Butter, Quark und Laban.<\/li>\n<li>Fleisch Van Weenink: Herrliches Fleisch von unseren eigenen Rindern, echtes Spitzenrindfleisch.<\/li>\n<li>Johannes de Stoker: Fruchtlik\u00f6re in verschiedenen Geschmacksvarianten.<\/li>\n<li>Suppen von Lidy: Im Winter die ber\u00fchmten Erbsen- und Bohnensuppen. Und jetzt auch Tomatensuppe, hausgemachte Fleischb\u00e4llchen und Eint\u00f6pfe.<\/li>\n<\/ul>\n<p>Zudem haben wir alle Arten von Regionalprodukten und lokalen K\u00f6stlichkeiten in unserem Sortiment, wie z.B. Marmeladen, Wurstwaren, Wein, Bier etc. erg\u00e4nzt mit allerlei Delikatessen aus dem ganzen Land.<\/p>\n","protected":false},"excerpt":{"rendered":"<p>Vom frischen K\u00e4se bis zum k\u00f6stlichen Lik\u00f6r Willkommen in unserem appetitanregenden Hofladen [&hellip;]<\/p>\n","protected":false},"author":1,"featured_media":608,"parent":0,"menu_order":0,"comment_status":"closed","ping_status":"closed","template":"landwinkel.php","meta":{"_acf_changed":false,"inline_featured_image":false,"footnotes":""},"class_list":["post-3304","page","type-page","status-publish","has-post-thumbnail","hentry"],"acf":[],"yoast_head":"<!-- This site is optimized with the Yoast SEO plugin v27.1.1 - https:\/\/yoast.com\/product\/yoast-seo-wordpress\/ -->\n<title>Hofladen - Kaasboerderij Weenink<\/title>\n<meta name=\"robots\" content=\"index, follow, max-snippet:-1, max-image-preview:large, max-video-preview:-1\" \/>\n<link rel=\"canonical\" href=\"https:\/\/kaasboerderijweenink.nl\/de\/hofladen\/\" \/>\n<meta property=\"og:locale\" content=\"de_DE\" \/>\n<meta property=\"og:type\" content=\"article\" \/>\n<meta property=\"og:title\" content=\"Hofladen - Kaasboerderij Weenink\" \/>\n<meta property=\"og:description\" content=\"Vom frischen K\u00e4se bis zum k\u00f6stlichen Lik\u00f6r Willkommen in unserem appetitanregenden Hofladen [&hellip;]\" \/>\n<meta property=\"og:url\" content=\"https:\/\/kaasboerderijweenink.nl\/de\/hofladen\/\" \/>\n<meta property=\"og:site_name\" content=\"Kaasboerderij Weenink\" \/>\n<meta property=\"article:publisher\" content=\"https:\/\/www.facebook.com\/KaasboerderijWeenink\" \/>\n<meta property=\"article:modified_time\" content=\"2023-06-02T13:38:14+00:00\" \/>\n<meta property=\"og:image\" content=\"https:\/\/kaasboerderijweenink.nl\/wp-content\/uploads\/2023\/05\/kaasboerderij_weenink_lievelde6.jpg\" \/>\n\t<meta property=\"og:image:width\" content=\"1300\" \/>\n\t<meta property=\"og:image:height\" content=\"867\" \/>\n\t<meta property=\"og:image:type\" content=\"image\/jpeg\" \/>\n<meta name=\"twitter:card\" content=\"summary_large_image\" \/>\n<meta name=\"twitter:label1\" content=\"Gesch\u00e4tzte Lesezeit\" \/>\n\t<meta name=\"twitter:data1\" content=\"1\u00a0Minute\" \/>\n<script type=\"application\/ld+json\" class=\"yoast-schema-graph\">{\"@context\":\"https:\/\/schema.org\",\"@graph\":[{\"@type\":\"WebPage\",\"@id\":\"https:\/\/kaasboerderijweenink.nl\/de\/hofladen\/\",\"url\":\"https:\/\/kaasboerderijweenink.nl\/de\/hofladen\/\",\"name\":\"Hofladen - Kaasboerderij Weenink\",\"isPartOf\":{\"@id\":\"https:\/\/kaasboerderijweenink.nl\/de\/#website\"},\"primaryImageOfPage\":{\"@id\":\"https:\/\/kaasboerderijweenink.nl\/de\/hofladen\/#primaryimage\"},\"image\":{\"@id\":\"https:\/\/kaasboerderijweenink.nl\/de\/hofladen\/#primaryimage\"},\"thumbnailUrl\":\"https:\/\/kaasboerderijweenink.nl\/wp-content\/uploads\/2023\/05\/kaasboerderij_weenink_lievelde6.jpg\",\"datePublished\":\"2023-05-11T16:55:52+00:00\",\"dateModified\":\"2023-06-02T13:38:14+00:00\",\"breadcrumb\":{\"@id\":\"https:\/\/kaasboerderijweenink.nl\/de\/hofladen\/#breadcrumb\"},\"inLanguage\":\"de\",\"potentialAction\":[{\"@type\":\"ReadAction\",\"target\":[\"https:\/\/kaasboerderijweenink.nl\/de\/hofladen\/\"]}]},{\"@type\":\"ImageObject\",\"inLanguage\":\"de\",\"@id\":\"https:\/\/kaasboerderijweenink.nl\/de\/hofladen\/#primaryimage\",\"url\":\"https:\/\/kaasboerderijweenink.nl\/wp-content\/uploads\/2023\/05\/kaasboerderij_weenink_lievelde6.jpg\",\"contentUrl\":\"https:\/\/kaasboerderijweenink.nl\/wp-content\/uploads\/2023\/05\/kaasboerderij_weenink_lievelde6.jpg\",\"width\":1300,\"height\":867},{\"@type\":\"BreadcrumbList\",\"@id\":\"https:\/\/kaasboerderijweenink.nl\/de\/hofladen\/#breadcrumb\",\"itemListElement\":[{\"@type\":\"ListItem\",\"position\":1,\"name\":\"Home\",\"item\":\"https:\/\/kaasboerderijweenink.nl\/de\/\"},{\"@type\":\"ListItem\",\"position\":2,\"name\":\"Hofladen\"}]},{\"@type\":\"WebSite\",\"@id\":\"https:\/\/kaasboerderijweenink.nl\/de\/#website\",\"url\":\"https:\/\/kaasboerderijweenink.nl\/de\/\",\"name\":\"Kaasboerderij Weenink\",\"description\":\"Een beleving waar je voor terugkomt!\",\"publisher\":{\"@id\":\"https:\/\/kaasboerderijweenink.nl\/de\/#organization\"},\"potentialAction\":[{\"@type\":\"SearchAction\",\"target\":{\"@type\":\"EntryPoint\",\"urlTemplate\":\"https:\/\/kaasboerderijweenink.nl\/de\/?s={search_term_string}\"},\"query-input\":{\"@type\":\"PropertyValueSpecification\",\"valueRequired\":true,\"valueName\":\"search_term_string\"}}],\"inLanguage\":\"de\"},{\"@type\":\"Organization\",\"@id\":\"https:\/\/kaasboerderijweenink.nl\/de\/#organization\",\"name\":\"Kaasboerderij Weenink Lievelde\",\"url\":\"https:\/\/kaasboerderijweenink.nl\/de\/\",\"logo\":{\"@type\":\"ImageObject\",\"inLanguage\":\"de\",\"@id\":\"https:\/\/kaasboerderijweenink.nl\/de\/#\/schema\/logo\/image\/\",\"url\":\"https:\/\/kaasboerderijweenink.nl\/wp-content\/uploads\/2023\/05\/logo-weenink.png\",\"contentUrl\":\"https:\/\/kaasboerderijweenink.nl\/wp-content\/uploads\/2023\/05\/logo-weenink.png\",\"width\":1500,\"height\":500,\"caption\":\"Kaasboerderij Weenink Lievelde\"},\"image\":{\"@id\":\"https:\/\/kaasboerderijweenink.nl\/de\/#\/schema\/logo\/image\/\"},\"sameAs\":[\"https:\/\/www.facebook.com\/KaasboerderijWeenink\"]}]}<\/script>\n<!-- \/ Yoast SEO plugin. -->","yoast_head_json":{"title":"Hofladen - Kaasboerderij Weenink","robots":{"index":"index","follow":"follow","max-snippet":"max-snippet:-1","max-image-preview":"max-image-preview:large","max-video-preview":"max-video-preview:-1"},"canonical":"https:\/\/kaasboerderijweenink.nl\/de\/hofladen\/","og_locale":"de_DE","og_type":"article","og_title":"Hofladen - Kaasboerderij Weenink","og_description":"Vom frischen K\u00e4se bis zum k\u00f6stlichen Lik\u00f6r Willkommen in unserem appetitanregenden Hofladen [&hellip;]","og_url":"https:\/\/kaasboerderijweenink.nl\/de\/hofladen\/","og_site_name":"Kaasboerderij Weenink","article_publisher":"https:\/\/www.facebook.com\/KaasboerderijWeenink","article_modified_time":"2023-06-02T13:38:14+00:00","og_image":[{"width":1300,"height":867,"url":"https:\/\/kaasboerderijweenink.nl\/wp-content\/uploads\/2023\/05\/kaasboerderij_weenink_lievelde6.jpg","type":"image\/jpeg"}],"twitter_card":"summary_large_image","twitter_misc":{"Gesch\u00e4tzte Lesezeit":"1\u00a0Minute"},"schema":{"@context":"https:\/\/schema.org","@graph":[{"@type":"WebPage","@id":"https:\/\/kaasboerderijweenink.nl\/de\/hofladen\/","url":"https:\/\/kaasboerderijweenink.nl\/de\/hofladen\/","name":"Hofladen - Kaasboerderij Weenink","isPartOf":{"@id":"https:\/\/kaasboerderijweenink.nl\/de\/#website"},"primaryImageOfPage":{"@id":"https:\/\/kaasboerderijweenink.nl\/de\/hofladen\/#primaryimage"},"image":{"@id":"https:\/\/kaasboerderijweenink.nl\/de\/hofladen\/#primaryimage"},"thumbnailUrl":"https:\/\/kaasboerderijweenink.nl\/wp-content\/uploads\/2023\/05\/kaasboerderij_weenink_lievelde6.jpg","datePublished":"2023-05-11T16:55:52+00:00","dateModified":"2023-06-02T13:38:14+00:00","breadcrumb":{"@id":"https:\/\/kaasboerderijweenink.nl\/de\/hofladen\/#breadcrumb"},"inLanguage":"de","potentialAction":[{"@type":"ReadAction","target":["https:\/\/kaasboerderijweenink.nl\/de\/hofladen\/"]}]},{"@type":"ImageObject","inLanguage":"de","@id":"https:\/\/kaasboerderijweenink.nl\/de\/hofladen\/#primaryimage","url":"https:\/\/kaasboerderijweenink.nl\/wp-content\/uploads\/2023\/05\/kaasboerderij_weenink_lievelde6.jpg","contentUrl":"https:\/\/kaasboerderijweenink.nl\/wp-content\/uploads\/2023\/05\/kaasboerderij_weenink_lievelde6.jpg","width":1300,"height":867},{"@type":"BreadcrumbList","@id":"https:\/\/kaasboerderijweenink.nl\/de\/hofladen\/#breadcrumb","itemListElement":[{"@type":"ListItem","position":1,"name":"Home","item":"https:\/\/kaasboerderijweenink.nl\/de\/"},{"@type":"ListItem","position":2,"name":"Hofladen"}]},{"@type":"WebSite","@id":"https:\/\/kaasboerderijweenink.nl\/de\/#website","url":"https:\/\/kaasboerderijweenink.nl\/de\/","name":"Kaasboerderij Weenink","description":"Een beleving waar je voor terugkomt!","publisher":{"@id":"https:\/\/kaasboerderijweenink.nl\/de\/#organization"},"potentialAction":[{"@type":"SearchAction","target":{"@type":"EntryPoint","urlTemplate":"https:\/\/kaasboerderijweenink.nl\/de\/?s={search_term_string}"},"query-input":{"@type":"PropertyValueSpecification","valueRequired":true,"valueName":"search_term_string"}}],"inLanguage":"de"},{"@type":"Organization","@id":"https:\/\/kaasboerderijweenink.nl\/de\/#organization","name":"Kaasboerderij Weenink Lievelde","url":"https:\/\/kaasboerderijweenink.nl\/de\/","logo":{"@type":"ImageObject","inLanguage":"de","@id":"https:\/\/kaasboerderijweenink.nl\/de\/#\/schema\/logo\/image\/","url":"https:\/\/kaasboerderijweenink.nl\/wp-content\/uploads\/2023\/05\/logo-weenink.png","contentUrl":"https:\/\/kaasboerderijweenink.nl\/wp-content\/uploads\/2023\/05\/logo-weenink.png","width":1500,"height":500,"caption":"Kaasboerderij Weenink Lievelde"},"image":{"@id":"https:\/\/kaasboerderijweenink.nl\/de\/#\/schema\/logo\/image\/"},"sameAs":["https:\/\/www.facebook.com\/KaasboerderijWeenink"]}]}},"publishpress_future_action":{"enabled":false,"date":"2026-05-06 20:20:05","action":"change-status","newStatus":"draft","terms":[],"taxonomy":"translation_priority","extraData":[]},"publishpress_future_workflow_manual_trigger":{"enabledWorkflows":[]},"_links":{"self":[{"href":"https:\/\/kaasboerderijweenink.nl\/de\/wp-json\/wp\/v2\/pages\/3304","targetHints":{"allow":["GET"]}}],"collection":[{"href":"https:\/\/kaasboerderijweenink.nl\/de\/wp-json\/wp\/v2\/pages"}],"about":[{"href":"https:\/\/kaasboerderijweenink.nl\/de\/wp-json\/wp\/v2\/types\/page"}],"author":[{"embeddable":true,"href":"https:\/\/kaasboerderijweenink.nl\/de\/wp-json\/wp\/v2\/users\/1"}],"replies":[{"embeddable":true,"href":"https:\/\/kaasboerderijweenink.nl\/de\/wp-json\/wp\/v2\/comments?post=3304"}],"version-history":[{"count":5,"href":"https:\/\/kaasboerderijweenink.nl\/de\/wp-json\/wp\/v2\/pages\/3304\/revisions"}],"predecessor-version":[{"id":3330,"href":"https:\/\/kaasboerderijweenink.nl\/de\/wp-json\/wp\/v2\/pages\/3304\/revisions\/3330"}],"wp:featuredmedia":[{"embeddable":true,"href":"https:\/\/kaasboerderijweenink.nl\/de\/wp-json\/wp\/v2\/media\/608"}],"wp:attachment":[{"href":"https:\/\/kaasboerderijweenink.nl\/de\/wp-json\/wp\/v2\/media?parent=3304"}],"curies":[{"name":"wp","href":"https:\/\/api.w.org\/{rel}","templated":true}]}}