{"id":4004,"date":"2024-04-05T12:34:38","date_gmt":"2024-04-05T12:34:38","guid":{"rendered":"https:\/\/kaasboerderijweenink.nl\/?page_id=4004"},"modified":"2024-04-05T13:40:06","modified_gmt":"2024-04-05T13:40:06","slug":"dank-fuer-reservierung","status":"publish","type":"page","link":"https:\/\/kaasboerderijweenink.nl\/de\/dank-fuer-reservierung\/","title":{"rendered":"Dank f\u00fcr Ihre Reservierung"},"content":{"rendered":"<h1 style=\"text-align: center\"><strong>Vielen Dank f\u00fcr Ihre Reservierung!<\/strong><\/h1>\n<h2 style=\"text-align: center\">Eine Best\u00e4tigung wurde an Ihre E-Mail-Adresse gesendet.<\/h2>\n<p style=\"text-align: center\">Nicht erhalten? Bitte kontaktier Sie uns.<\/p>\n","protected":false},"excerpt":{"rendered":"<p>Vielen Dank f\u00fcr Ihre Reservierung! Eine Best\u00e4tigung wurde an Ihre E-Mail-Adresse gesendet. [&hellip;]<\/p>\n","protected":false},"author":2,"featured_media":0,"parent":0,"menu_order":0,"comment_status":"closed","ping_status":"closed","template":"bedankt.php","meta":{"_acf_changed":false,"inline_featured_image":false,"footnotes":""},"class_list":["post-4004","page","type-page","status-publish","hentry"],"acf":[],"yoast_head":"<!-- This site is optimized with the Yoast SEO plugin v27.1.1 - https:\/\/yoast.com\/product\/yoast-seo-wordpress\/ -->\n<title>Dank f\u00fcr Ihre Reservierung - Kaasboerderij Weenink<\/title>\n<meta name=\"robots\" content=\"index, follow, max-snippet:-1, max-image-preview:large, max-video-preview:-1\" \/>\n<link rel=\"canonical\" href=\"https:\/\/kaasboerderijweenink.nl\/de\/dank-fuer-reservierung\/\" \/>\n<meta property=\"og:locale\" content=\"de_DE\" \/>\n<meta property=\"og:type\" content=\"article\" \/>\n<meta property=\"og:title\" content=\"Dank f\u00fcr Ihre Reservierung - Kaasboerderij Weenink\" \/>\n<meta property=\"og:description\" content=\"Vielen Dank f\u00fcr Ihre Reservierung! Eine Best\u00e4tigung wurde an Ihre E-Mail-Adresse gesendet. [&hellip;]\" \/>\n<meta property=\"og:url\" content=\"https:\/\/kaasboerderijweenink.nl\/de\/dank-fuer-reservierung\/\" \/>\n<meta property=\"og:site_name\" content=\"Kaasboerderij Weenink\" \/>\n<meta property=\"article:publisher\" content=\"https:\/\/www.facebook.com\/KaasboerderijWeenink\" \/>\n<meta property=\"article:modified_time\" content=\"2024-04-05T13:40:06+00:00\" \/>\n<meta name=\"twitter:card\" content=\"summary_large_image\" \/>\n<meta name=\"twitter:label1\" content=\"Gesch\u00e4tzte Lesezeit\" \/>\n\t<meta name=\"twitter:data1\" content=\"1\u00a0Minute\" \/>\n<script type=\"application\/ld+json\" class=\"yoast-schema-graph\">{\"@context\":\"https:\/\/schema.org\",\"@graph\":[{\"@type\":\"WebPage\",\"@id\":\"https:\/\/kaasboerderijweenink.nl\/de\/dank-fuer-reservierung\/\",\"url\":\"https:\/\/kaasboerderijweenink.nl\/de\/dank-fuer-reservierung\/\",\"name\":\"Dank f\u00fcr Ihre Reservierung - Kaasboerderij Weenink\",\"isPartOf\":{\"@id\":\"https:\/\/kaasboerderijweenink.nl\/de\/#website\"},\"datePublished\":\"2024-04-05T12:34:38+00:00\",\"dateModified\":\"2024-04-05T13:40:06+00:00\",\"breadcrumb\":{\"@id\":\"https:\/\/kaasboerderijweenink.nl\/de\/dank-fuer-reservierung\/#breadcrumb\"},\"inLanguage\":\"de\",\"potentialAction\":[{\"@type\":\"ReadAction\",\"target\":[\"https:\/\/kaasboerderijweenink.nl\/de\/dank-fuer-reservierung\/\"]}]},{\"@type\":\"BreadcrumbList\",\"@id\":\"https:\/\/kaasboerderijweenink.nl\/de\/dank-fuer-reservierung\/#breadcrumb\",\"itemListElement\":[{\"@type\":\"ListItem\",\"position\":1,\"name\":\"Home\",\"item\":\"https:\/\/kaasboerderijweenink.nl\/de\/\"},{\"@type\":\"ListItem\",\"position\":2,\"name\":\"Dank f\u00fcr Ihre Reservierung\"}]},{\"@type\":\"WebSite\",\"@id\":\"https:\/\/kaasboerderijweenink.nl\/de\/#website\",\"url\":\"https:\/\/kaasboerderijweenink.nl\/de\/\",\"name\":\"Kaasboerderij Weenink\",\"description\":\"Een beleving waar je voor terugkomt!\",\"publisher\":{\"@id\":\"https:\/\/kaasboerderijweenink.nl\/de\/#organization\"},\"potentialAction\":[{\"@type\":\"SearchAction\",\"target\":{\"@type\":\"EntryPoint\",\"urlTemplate\":\"https:\/\/kaasboerderijweenink.nl\/de\/?s={search_term_string}\"},\"query-input\":{\"@type\":\"PropertyValueSpecification\",\"valueRequired\":true,\"valueName\":\"search_term_string\"}}],\"inLanguage\":\"de\"},{\"@type\":\"Organization\",\"@id\":\"https:\/\/kaasboerderijweenink.nl\/de\/#organization\",\"name\":\"Kaasboerderij Weenink Lievelde\",\"url\":\"https:\/\/kaasboerderijweenink.nl\/de\/\",\"logo\":{\"@type\":\"ImageObject\",\"inLanguage\":\"de\",\"@id\":\"https:\/\/kaasboerderijweenink.nl\/de\/#\/schema\/logo\/image\/\",\"url\":\"https:\/\/kaasboerderijweenink.nl\/wp-content\/uploads\/2023\/05\/logo-weenink.png\",\"contentUrl\":\"https:\/\/kaasboerderijweenink.nl\/wp-content\/uploads\/2023\/05\/logo-weenink.png\",\"width\":1500,\"height\":500,\"caption\":\"Kaasboerderij Weenink Lievelde\"},\"image\":{\"@id\":\"https:\/\/kaasboerderijweenink.nl\/de\/#\/schema\/logo\/image\/\"},\"sameAs\":[\"https:\/\/www.facebook.com\/KaasboerderijWeenink\"]}]}<\/script>\n<!-- \/ Yoast SEO plugin. -->","yoast_head_json":{"title":"Dank f\u00fcr Ihre Reservierung - Kaasboerderij Weenink","robots":{"index":"index","follow":"follow","max-snippet":"max-snippet:-1","max-image-preview":"max-image-preview:large","max-video-preview":"max-video-preview:-1"},"canonical":"https:\/\/kaasboerderijweenink.nl\/de\/dank-fuer-reservierung\/","og_locale":"de_DE","og_type":"article","og_title":"Dank f\u00fcr Ihre Reservierung - Kaasboerderij Weenink","og_description":"Vielen Dank f\u00fcr Ihre Reservierung! Eine Best\u00e4tigung wurde an Ihre E-Mail-Adresse gesendet. [&hellip;]","og_url":"https:\/\/kaasboerderijweenink.nl\/de\/dank-fuer-reservierung\/","og_site_name":"Kaasboerderij Weenink","article_publisher":"https:\/\/www.facebook.com\/KaasboerderijWeenink","article_modified_time":"2024-04-05T13:40:06+00:00","twitter_card":"summary_large_image","twitter_misc":{"Gesch\u00e4tzte Lesezeit":"1\u00a0Minute"},"schema":{"@context":"https:\/\/schema.org","@graph":[{"@type":"WebPage","@id":"https:\/\/kaasboerderijweenink.nl\/de\/dank-fuer-reservierung\/","url":"https:\/\/kaasboerderijweenink.nl\/de\/dank-fuer-reservierung\/","name":"Dank f\u00fcr Ihre Reservierung - Kaasboerderij Weenink","isPartOf":{"@id":"https:\/\/kaasboerderijweenink.nl\/de\/#website"},"datePublished":"2024-04-05T12:34:38+00:00","dateModified":"2024-04-05T13:40:06+00:00","breadcrumb":{"@id":"https:\/\/kaasboerderijweenink.nl\/de\/dank-fuer-reservierung\/#breadcrumb"},"inLanguage":"de","potentialAction":[{"@type":"ReadAction","target":["https:\/\/kaasboerderijweenink.nl\/de\/dank-fuer-reservierung\/"]}]},{"@type":"BreadcrumbList","@id":"https:\/\/kaasboerderijweenink.nl\/de\/dank-fuer-reservierung\/#breadcrumb","itemListElement":[{"@type":"ListItem","position":1,"name":"Home","item":"https:\/\/kaasboerderijweenink.nl\/de\/"},{"@type":"ListItem","position":2,"name":"Dank f\u00fcr Ihre Reservierung"}]},{"@type":"WebSite","@id":"https:\/\/kaasboerderijweenink.nl\/de\/#website","url":"https:\/\/kaasboerderijweenink.nl\/de\/","name":"Kaasboerderij Weenink","description":"Een beleving waar je voor terugkomt!","publisher":{"@id":"https:\/\/kaasboerderijweenink.nl\/de\/#organization"},"potentialAction":[{"@type":"SearchAction","target":{"@type":"EntryPoint","urlTemplate":"https:\/\/kaasboerderijweenink.nl\/de\/?s={search_term_string}"},"query-input":{"@type":"PropertyValueSpecification","valueRequired":true,"valueName":"search_term_string"}}],"inLanguage":"de"},{"@type":"Organization","@id":"https:\/\/kaasboerderijweenink.nl\/de\/#organization","name":"Kaasboerderij Weenink Lievelde","url":"https:\/\/kaasboerderijweenink.nl\/de\/","logo":{"@type":"ImageObject","inLanguage":"de","@id":"https:\/\/kaasboerderijweenink.nl\/de\/#\/schema\/logo\/image\/","url":"https:\/\/kaasboerderijweenink.nl\/wp-content\/uploads\/2023\/05\/logo-weenink.png","contentUrl":"https:\/\/kaasboerderijweenink.nl\/wp-content\/uploads\/2023\/05\/logo-weenink.png","width":1500,"height":500,"caption":"Kaasboerderij Weenink Lievelde"},"image":{"@id":"https:\/\/kaasboerderijweenink.nl\/de\/#\/schema\/logo\/image\/"},"sameAs":["https:\/\/www.facebook.com\/KaasboerderijWeenink"]}]}},"publishpress_future_action":{"enabled":false,"date":"2026-05-09 12:18:26","action":"change-status","newStatus":"draft","terms":[],"taxonomy":"translation_priority","extraData":[]},"publishpress_future_workflow_manual_trigger":{"enabledWorkflows":[]},"_links":{"self":[{"href":"https:\/\/kaasboerderijweenink.nl\/de\/wp-json\/wp\/v2\/pages\/4004","targetHints":{"allow":["GET"]}}],"collection":[{"href":"https:\/\/kaasboerderijweenink.nl\/de\/wp-json\/wp\/v2\/pages"}],"about":[{"href":"https:\/\/kaasboerderijweenink.nl\/de\/wp-json\/wp\/v2\/types\/page"}],"author":[{"embeddable":true,"href":"https:\/\/kaasboerderijweenink.nl\/de\/wp-json\/wp\/v2\/users\/2"}],"replies":[{"embeddable":true,"href":"https:\/\/kaasboerderijweenink.nl\/de\/wp-json\/wp\/v2\/comments?post=4004"}],"version-history":[{"count":2,"href":"https:\/\/kaasboerderijweenink.nl\/de\/wp-json\/wp\/v2\/pages\/4004\/revisions"}],"predecessor-version":[{"id":4006,"href":"https:\/\/kaasboerderijweenink.nl\/de\/wp-json\/wp\/v2\/pages\/4004\/revisions\/4006"}],"wp:attachment":[{"href":"https:\/\/kaasboerderijweenink.nl\/de\/wp-json\/wp\/v2\/media?parent=4004"}],"curies":[{"name":"wp","href":"https:\/\/api.w.org\/{rel}","templated":true}]}}